{"id":77,"date":"2025-11-17T14:49:47","date_gmt":"2025-11-17T14:49:47","guid":{"rendered":"https:\/\/academiehelder.nl\/?page_id=77"},"modified":"2025-12-09T14:33:40","modified_gmt":"2025-12-09T14:33:40","slug":"rontgen-voor-assisterende","status":"publish","type":"page","link":"https:\/\/academiehelder.nl\/?page_id=77","title":{"rendered":"R\u00f6ntgen voor assisterende"},"content":{"rendered":"\n<p>Tegenwoordig is het verplicht dat iedere praktijkmedewerker, die r\u00f6ntgenfoto\u2019s maakt in het bezit is van het r\u00f6ntgen diploma.<br>In deze cursus komt zeer uitgebreid de theorie aan bod over R\u00f6ntgen. Onder andere het ontstaan, hoe r\u00f6ntgen werkt, welke regelgeving er is. Daarna komt de praktijk aan bod. Het maken van solo\u2019s en bitewings wordt geleerd, maar ook het maken van de OPT en RSP, en we leren te beoordelen wat een goede foto is.<br>We nemen door hoe je jezelf en anderen tegen r\u00f6ntgenstraling beschermd; oftewel het onderwerp stralingshygi\u00ebne.<\/p>\n\n\n\n<p>Kortom een zeer uitgebreide cursus, met alle informatie en oefening die je nodig hebt.<\/p>\n\n\n\n<p>De oorsprong en theorie van r\u00f6ntgen, de toepassingsmogelijkheden, de negatieve invloed van r\u00f6ntgenstraling op het menselijk lichaam en contra-indicaties voor het maken van r\u00f6ntgenfoto\u2019s, instelapparatuur en het gebruik hiervan, het maken van correcte solo\u2019s en bitewings, en mogelijke fouten hierbij, het maken van correcte OPT\u2019s en RSP\u2019s en mogelijke fouten hierbij.<\/p>\n\n\n\n<div style=\"height:9px\" aria-hidden=\"true\" class=\"wp-block-spacer\"><\/div>\n\n\n\n<p><a href=\"mailto:bericht@kliniekhelder.nl?subject=Aanmelding%20Academie%20Helder&amp;body=Beste,%0D%0A%0D%0AHierbij%20wil%20ik%20mij%20aanmelden%20voor%20%C3%A9%C3%A9n%20van%20de%20cursussen%20van%20Academie%20Helder.%20Zie%20onderstaande%20gegevens:%0D%0A%0D%0ACursus:%0D%0AVoorkeursdatum:%0D%0A%0D%0ANaam:%0D%0ATelefoonnummer:%0D%0AE-mail:%0D%0AVooropleiding:\" data-type=\"mailto\" data-id=\"mailto:bericht@kliniekhelder.nl?subject=Aanmelding%20Academie%20Helder&amp;body=Beste,%0D%0A%0D%0AHierbij%20wil%20ik%20mij%20aanmelden%20voor%20%C3%A9%C3%A9n%20van%20de%20cursussen%20van%20Academie%20Helder.%20Zie%20onderstaande%20gegevens:%0D%0A%0D%0ACursus:%0D%0AVoorkeursdatum:%0D%0A%0D%0ANaam:%0D%0ATelefoonnummer:%0D%0AE-mail:%0D%0AVooropleiding:\" target=\"_blank\" rel=\"noreferrer noopener\">Inschrijven<\/a><\/p>\n\n\n\n<div style=\"height:12px\" aria-hidden=\"true\" class=\"wp-block-spacer\"><\/div>\n\n\n\n<p><strong>Doelgroep<\/strong><\/p>\n\n\n\n<p>Tandartsassistenten, Preventieassistenten<\/p>\n\n\n\n<p><strong>Leerdoel<\/strong><\/p>\n\n\n\n<p>De theorie achter r\u00f6ntgen eigen maken, Het bevoegd en bekwaam in de praktijk r\u00f6ntgenfoto\u2019s kunnen maken, in opdracht van de tandarts.<\/p>\n\n\n\n<p><strong>Les en studiebelasting<\/strong><\/p>\n\n\n\n<p>De les wordt klassikaal gegeven en duurt 1 dag.<br>De studiebelasting is 8 uur.<\/p>\n\n\n\n<p><strong>Niveau, vooropleiding en vrijstelling<\/strong><\/p>\n\n\n\n<p>Het niveau van de cursus is MBO+.<br>De benodigde vooropleiding is tandartsassistent, basis tandartsassistent, preventie assistent of tandheelkundig preventiemedewerker.\u2028Voor deze cursus is geen vrijstelling mogelijk<\/p>\n\n\n\n<p><strong>Materialen, begeleiding en diensten<\/strong><\/p>\n\n\n\n<p>Inbegrepen bij de cursus<\/p>\n\n\n\n<p><strong>Certificaat<\/strong><\/p>\n\n\n\n<p>Na deelname ontvang je een certificaat<\/p>\n\n\n\n<p><strong>Data<\/strong><\/p>\n\n\n\n<p>Voor cursusdata neem svp contact met ons op<\/p>\n\n\n\n<p><strong>Kosten<\/strong><\/p>\n\n\n\n<p>250 euro<\/p>\n\n\n\n<div class=\"wp-block-columns is-layout-flex wp-container-core-columns-is-layout-28f84493 wp-block-columns-is-layout-flex\">\n<div class=\"wp-block-column is-layout-flow wp-block-column-is-layout-flow\" style=\"flex-basis:100%\">\n<figure class=\"wp-block-image size-large\"><img loading=\"lazy\" decoding=\"async\" width=\"1024\" height=\"788\" src=\"https:\/\/academiehelder.nl\/wp-content\/uploads\/2025\/12\/Afbeelding4-1-1024x788.jpg\" alt=\"\" class=\"wp-image-228\" srcset=\"https:\/\/academiehelder.nl\/wp-content\/uploads\/2025\/12\/Afbeelding4-1-1024x788.jpg 1024w, https:\/\/academiehelder.nl\/wp-content\/uploads\/2025\/12\/Afbeelding4-1-300x231.jpg 300w, https:\/\/academiehelder.nl\/wp-content\/uploads\/2025\/12\/Afbeelding4-1-768x591.jpg 768w, https:\/\/academiehelder.nl\/wp-content\/uploads\/2025\/12\/Afbeelding4-1-1536x1182.jpg 1536w, https:\/\/academiehelder.nl\/wp-content\/uploads\/2025\/12\/Afbeelding4-1-2048x1576.jpg 2048w\" sizes=\"auto, (max-width: 1024px) 100vw, 1024px\" \/><\/figure>\n<\/div>\n<\/div>\n","protected":false},"excerpt":{"rendered":"<p>Tegenwoordig is het verplicht dat iedere praktijkmedewerker, die r\u00f6ntgenfoto\u2019s maakt in het bezit is van het r\u00f6ntgen diploma.In deze cursus komt zeer uitgebreid de theorie aan bod over R\u00f6ntgen. Onder andere het ontstaan, hoe r\u00f6ntgen werkt, welke regelgeving er is. Daarna komt de praktijk aan bod. Het maken van solo\u2019s en bitewings wordt geleerd, maar [&hellip;]<\/p>\n","protected":false},"author":1,"featured_media":222,"parent":47,"menu_order":0,"comment_status":"closed","ping_status":"closed","template":"","meta":{"footnotes":""},"class_list":["post-77","page","type-page","status-publish","has-post-thumbnail","hentry"],"_links":{"self":[{"href":"https:\/\/academiehelder.nl\/index.php?rest_route=\/wp\/v2\/pages\/77","targetHints":{"allow":["GET"]}}],"collection":[{"href":"https:\/\/academiehelder.nl\/index.php?rest_route=\/wp\/v2\/pages"}],"about":[{"href":"https:\/\/academiehelder.nl\/index.php?rest_route=\/wp\/v2\/types\/page"}],"author":[{"embeddable":true,"href":"https:\/\/academiehelder.nl\/index.php?rest_route=\/wp\/v2\/users\/1"}],"replies":[{"embeddable":true,"href":"https:\/\/academiehelder.nl\/index.php?rest_route=%2Fwp%2Fv2%2Fcomments&post=77"}],"version-history":[{"count":7,"href":"https:\/\/academiehelder.nl\/index.php?rest_route=\/wp\/v2\/pages\/77\/revisions"}],"predecessor-version":[{"id":230,"href":"https:\/\/academiehelder.nl\/index.php?rest_route=\/wp\/v2\/pages\/77\/revisions\/230"}],"up":[{"embeddable":true,"href":"https:\/\/academiehelder.nl\/index.php?rest_route=\/wp\/v2\/pages\/47"}],"wp:featuredmedia":[{"embeddable":true,"href":"https:\/\/academiehelder.nl\/index.php?rest_route=\/wp\/v2\/media\/222"}],"wp:attachment":[{"href":"https:\/\/academiehelder.nl\/index.php?rest_route=%2Fwp%2Fv2%2Fmedia&parent=77"}],"curies":[{"name":"wp","href":"https:\/\/api.w.org\/{rel}","templated":true}]}}